{"id":7009,"date":"2026-04-07T03:52:02","date_gmt":"2026-04-07T03:52:02","guid":{"rendered":"https:\/\/ivoireshoping.com\/?page_id=7009"},"modified":"2026-04-07T03:58:27","modified_gmt":"2026-04-07T03:58:27","slug":"page-de-remerciement-pro-xylane","status":"publish","type":"page","link":"https:\/\/ivoireshoping.com\/?page_id=7009","title":{"rendered":"PAGE DE REMERCIEMENT Pro-Xylane"},"content":{"rendered":"\t\t<div data-elementor-type=\"wp-page\" data-elementor-id=\"7009\" class=\"elementor elementor-7009\" data-elementor-post-type=\"page\">\n\t\t\t\t<div class=\"elementor-element elementor-element-b516096 e-flex e-con-boxed e-con e-parent\" data-id=\"b516096\" data-element_type=\"container\" data-e-type=\"container\">\n\t\t\t\t\t<div class=\"e-con-inner\">\n\t\t\t\t<div class=\"elementor-element elementor-element-431391f elementor-widget elementor-widget-html\" data-id=\"431391f\" data-element_type=\"widget\" data-e-type=\"widget\" data-widget_type=\"html.default\">\n\t\t\t\t<div class=\"elementor-widget-container\">\n\t\t\t\t\t<!DOCTYPE html>\r\n<html lang=\"fr\">\r\n<head>\r\n<meta charset=\"UTF-8\">\r\n<meta name=\"viewport\" content=\"width=device-width, initial-scale=1.0\">\r\n<title>Merci pour votre commande - Pro-Xylane<\/title>\r\n\r\n<style>\r\nbody {\r\n    margin: 0;\r\n    font-family: Arial, sans-serif;\r\n    background: linear-gradient(135deg, #fde8e8, #f9d5c0);\r\n    display: flex;\r\n    justify-content: center;\r\n    align-items: center;\r\n    height: 100vh;\r\n}\r\n\r\n.container {\r\n    background: #fff;\r\n    padding: 30px;\r\n    border-radius: 15px;\r\n    max-width: 500px;\r\n    width: 90%;\r\n    text-align: center;\r\n    box-shadow: 0 10px 30px rgba(0,0,0,0.1);\r\n    animation: fadeIn 1s ease-in-out;\r\n}\r\n\r\n@keyframes fadeIn {\r\n    from {opacity: 0; transform: translateY(20px);}\r\n    to {opacity: 1; transform: translateY(0);}\r\n}\r\n\r\n.checkmark {\r\n    font-size: 60px;\r\n    color: #28a745;\r\n}\r\n\r\nh1 {\r\n    color: #333;\r\n}\r\n\r\n.product {\r\n    color: #e67e22;\r\n    font-weight: bold;\r\n    font-size: 18px;\r\n}\r\n\r\np {\r\n    color: #555;\r\n    font-size: 16px;\r\n}\r\n\r\n.badge {\r\n    margin-top: 15px;\r\n    font-size: 14px;\r\n    color: green;\r\n    font-weight: bold;\r\n}\r\n\r\n.delivery {\r\n    background: #fef3e7;\r\n    padding: 10px;\r\n    border-radius: 10px;\r\n    margin-top: 15px;\r\n    font-weight: bold;\r\n}\r\n\r\n.btn {\r\n    display: inline-block;\r\n    margin-top: 15px;\r\n    padding: 15px 25px;\r\n    background: #e67e22;\r\n    color: #fff;\r\n    text-decoration: none;\r\n    border-radius: 30px;\r\n    font-weight: bold;\r\n    transition: 0.3s;\r\n}\r\n\r\n.btn:hover {\r\n    background: #cf711f;\r\n    transform: scale(1.05);\r\n}\r\n\r\n.whatsapp {\r\n    background: #25D366;\r\n    margin-top: 10px;\r\n}\r\n\r\n.footer {\r\n    margin-top: 20px;\r\n    font-size: 14px;\r\n    color: #888;\r\n}\r\n<\/style>\r\n\r\n<\/head>\r\n\r\n<body>\r\n\r\n<div class=\"container\">\r\n\r\n    <div class=\"checkmark\">\u2714<\/div>\r\n\r\n    <h1>Commande confirm\u00e9e !<\/h1>\r\n\r\n    <p>\r\n        Merci pour votre confiance \ud83d\ude4f<br>\r\n        Votre commande de <span class=\"product\">Cr\u00e8me Anti-\u00c2ge Pro-Xylane<\/span> a bien \u00e9t\u00e9 enregistr\u00e9e.\r\n    <\/p>\r\n\r\n    <p>\r\n        \ud83d\udcde Notre agent va vous appeler <strong>dans quelques instants<\/strong> pour confirmer votre commande.\r\n    <\/p>\r\n\r\n    <div class=\"badge\">\r\n        \u2714 Paiement \u00e0 la livraison <br>\r\n        \u2714 Livraison gratuite \u00e0 Abidjan\r\n    <\/div>\r\n\r\n    <div class=\"delivery\">\r\n        \ud83d\ude9a Livraison pr\u00e9vue : Sous Peux\r\n    <\/div>\r\n\r\n   \r\n\r\n    <div class=\"footer\">\r\n        \u26a0\ufe0f Restez joignable pour \u00e9viter l'annulation de votre commande\r\n    <\/div>\r\n\r\n<\/div>\r\n\r\n<\/body>\r\n<\/html>\t\t\t\t<\/div>\n\t\t\t\t<\/div>\n\t\t\t\t<div class=\"elementor-element elementor-element-607b723 elementor-widget elementor-widget-html\" data-id=\"607b723\" data-element_type=\"widget\" data-e-type=\"widget\" data-widget_type=\"html.default\">\n\t\t\t\t<div class=\"elementor-widget-container\">\n\t\t\t\t\t<!-- Meta Pixel Code -->\n<script>\n!function(f,b,e,v,n,t,s)\n{if(f.fbq)return;n=f.fbq=function(){n.callMethod?\nn.callMethod.apply(n,arguments):n.queue.push(arguments)};\nif(!f._fbq)f._fbq=n;n.push=n;n.loaded=!0;n.version='2.0';\nn.queue=[];t=b.createElement(e);t.async=!0;\nt.src=v;s=b.getElementsByTagName(e)[0];\ns.parentNode.insertBefore(t,s)}(window, document,'script',\n'https:\/\/connect.facebook.net\/en_US\/fbevents.js');\nfbq('init', '2021562572573596');\nfbq('track', 'PageView');\n<\/script>\n<noscript><img height=\"1\" width=\"1\" style=\"display:none\"\nsrc=\"https:\/\/www.facebook.com\/tr?id=2021562572573596&ev=PageView&noscript=1\"\n\/><\/noscript>\n<!-- End Meta Pixel Code -->\n\n\n\n<script>\n    fbq('track', 'Purchase');\n  <\/script>\n\n\n\n\n\n\n\t\t\t\t<\/div>\n\t\t\t\t<\/div>\n\t\t\t\t\t<\/div>\n\t\t\t\t<\/div>\n\t\t\t\t<\/div>\n\t\t","protected":false},"excerpt":{"rendered":"<p>Merci pour votre commande &#8211; Pro-Xylane \u2714 Commande confirm\u00e9e ! Merci pour votre confiance \ud83d\ude4f Votre commande de Cr\u00e8me Anti-\u00c2ge Pro-Xylane a bien \u00e9t\u00e9 enregistr\u00e9e. \ud83d\udcde Notre agent va vous appeler dans quelques instants pour confirmer votre commande. \u2714 Paiement \u00e0 la livraison \u2714 Livraison gratuite \u00e0 Abidjan \ud83d\ude9a Livraison pr\u00e9vue : Sous Peux \u26a0\ufe0f [&hellip;]<\/p>\n","protected":false},"author":1,"featured_media":0,"parent":0,"menu_order":0,"comment_status":"closed","ping_status":"closed","template":"elementor_header_footer","meta":{"footnotes":""},"class_list":["post-7009","page","type-page","status-publish","hentry"],"_links":{"self":[{"href":"https:\/\/ivoireshoping.com\/index.php?rest_route=\/wp\/v2\/pages\/7009","targetHints":{"allow":["GET"]}}],"collection":[{"href":"https:\/\/ivoireshoping.com\/index.php?rest_route=\/wp\/v2\/pages"}],"about":[{"href":"https:\/\/ivoireshoping.com\/index.php?rest_route=\/wp\/v2\/types\/page"}],"author":[{"embeddable":true,"href":"https:\/\/ivoireshoping.com\/index.php?rest_route=\/wp\/v2\/users\/1"}],"replies":[{"embeddable":true,"href":"https:\/\/ivoireshoping.com\/index.php?rest_route=%2Fwp%2Fv2%2Fcomments&post=7009"}],"version-history":[{"count":7,"href":"https:\/\/ivoireshoping.com\/index.php?rest_route=\/wp\/v2\/pages\/7009\/revisions"}],"predecessor-version":[{"id":7017,"href":"https:\/\/ivoireshoping.com\/index.php?rest_route=\/wp\/v2\/pages\/7009\/revisions\/7017"}],"wp:attachment":[{"href":"https:\/\/ivoireshoping.com\/index.php?rest_route=%2Fwp%2Fv2%2Fmedia&parent=7009"}],"curies":[{"name":"wp","href":"https:\/\/api.w.org\/{rel}","templated":true}]}}