{"id":5293,"date":"2025-09-03T00:32:19","date_gmt":"2025-09-03T00:32:19","guid":{"rendered":"https:\/\/ivoireshoping.com\/?page_id=5293"},"modified":"2025-09-14T18:03:23","modified_gmt":"2025-09-14T18:03:23","slug":"creme-anti-age","status":"publish","type":"page","link":"https:\/\/ivoireshoping.com\/?page_id=5293","title":{"rendered":"CREME ANTI AGE"},"content":{"rendered":"\t\t<div data-elementor-type=\"wp-page\" data-elementor-id=\"5293\" class=\"elementor elementor-5293\" data-elementor-post-type=\"page\">\n\t\t\t\t<div class=\"elementor-element elementor-element-42a2c9d e-flex e-con-boxed e-con e-parent\" data-id=\"42a2c9d\" data-element_type=\"container\" data-e-type=\"container\">\n\t\t\t\t\t<div class=\"e-con-inner\">\n\t\t\t\t<div class=\"elementor-element elementor-element-d46a855 elementor-widget elementor-widget-html\" data-id=\"d46a855\" data-element_type=\"widget\" data-e-type=\"widget\" data-widget_type=\"html.default\">\n\t\t\t\t<div class=\"elementor-widget-container\">\n\t\t\t\t\t<!DOCTYPE html>\r\n<html lang=\"fr\">\r\n<head>\r\n<meta charset=\"UTF-8\" \/>\r\n<meta name=\"viewport\" content=\"width=device-width, initial-scale=1.0\" \/>\r\n<title>Page avec banni\u00e8re d'urgence<\/title>\r\n<style>\r\n  body {\r\n    margin: 0;\r\n    height: 100vh;\r\n    font-family: Arial, sans-serif;\r\n    overflow: hidden;\r\n    position: relative;\r\n  }\r\n\r\n  \/* Fond d\u00e9grad\u00e9 anim\u00e9 en boucle *\/\r\n  body::before {\r\n    content: \"\";\r\n    position: absolute;\r\n    top: 0; left: 0; right: 0; bottom: 0;\r\n    background: linear-gradient(270deg, #ff7e5f, #feb47b, #86b8fe);\r\n    background-size: 600% 600%;\r\n    animation: gradientShift 20s ease infinite;\r\n    z-index: -4;\r\n  }\r\n\r\n  @keyframes gradientShift {\r\n    0% { background-position: 0% 50%; }\r\n    50% { background-position: 100% 50%; }\r\n    100% { background-position: 0; }\r\n  }\r\n\r\n  \/* Banniere fixe en haut - style bandeau d'urgence *\/\r\n  .pancarte {\r\n    position: fixed;\r\n    top: 20px;\r\n    left: 0;\r\n    width: 100%;\r\n    height: 70px;\r\n    background: repeating-linear-gradient(\r\n      45deg,\r\n      #fff,\r\n      #fff 10px,\r\n      #f9f9f9 10px,\r\n      #f9f9f9 20px\r\n    );\r\n    border: 5px dashed #444;\r\n    box-shadow: 0 4px 15px rgba(0,0,0,0.2);\r\n    border-radius: 10px;\r\n    font-family: 'Arial Black', sans-serif;\r\n    font-size: 1.8em;\r\n    color: #fff;\r\n    display: flex;\r\n    align-items: center;\r\n    justify-content: center;\r\n    text-align: center;\r\n    padding: 0 20px;\r\n    box-sizing: border-box;\r\n    z-index: 1000;\r\n  }\r\n\r\n  \/* Texte d\u00e9filant *\/\r\n  .texte-deroulant {\r\n    white-space: nowrap;\r\n    overflow: hidden;\r\n    flex: 1;\r\n    margin-right: 20px;\r\n  }\r\n  .texte-deroulant span {\r\n    display: inline-block;\r\n    padding-left: 100%;\r\n    animation: scroll-left 15s linear infinite;\r\n    font-family: 'Arial Black', sans-serif;\r\n    font-size: 1.8em;\r\n    color: #FF0000; \/* rouge vif *\/\r\n  }\r\n\r\n  @keyframes scroll-left {\r\n    0% { transform: translateX(0); }\r\n    100% { transform: translateX(-100%); }\r\n  }\r\n\r\n  \/* Le d\u00e9compte (inchang\u00e9) *\/\r\n  .decompte {\r\n    font-weight: bold;\r\n    font-size: 1.6em;\r\n    min-width: 150px;\r\n    text-align: right;\r\n    font-family: 'Arial', sans-serif;\r\n    color: #fff;\r\n  }\r\n<\/style>\r\n<\/head>\r\n<body>\r\n\r\n<!-- La banni\u00e8re fixe -->\r\n<div class=\"pancarte\">\r\n  <div class=\"texte-deroulant\"><span>Agissez vite, Stock limit\u00e9<\/span><\/div>\r\n  <div class=\"decompte\" id=\"compte\">00:10:00<\/div>\r\n<\/div>\r\n\r\n<!-- Scripts pour le d\u00e9compte -->\r\n<script>\r\n  let totalSeconds = 10 * 30; \/\/ 10 minutes\r\n  function updateCountdown() {\r\n    const display = document.getElementById('compte');\r\n    const minutes = Math.floor(totalSeconds \/ 60);\r\n    const seconds = totalSeconds % 60;\r\n    display.textContent = \r\n      `${minutes.toString().padStart(2, '0')}:${seconds.toString().padStart(2, '0')}`;\r\n    if (totalSeconds > 0) {\r\n      totalSeconds--;\r\n    } else {\r\n      clearInterval(timer);\r\n    }\r\n  }\r\n  updateCountdown();\r\n  const timer = setInterval(updateCountdown, 1000);\r\n<\/script>\r\n\r\n<\/body>\r\n<\/html>\r\n\t\t\t\t<\/div>\n\t\t\t\t<\/div>\n\t\t\t\t<div class=\"elementor-element elementor-element-5018478 elementor-widget elementor-widget-html\" data-id=\"5018478\" data-element_type=\"widget\" data-e-type=\"widget\" data-widget_type=\"html.default\">\n\t\t\t\t<div class=\"elementor-widget-container\">\n\t\t\t\t\t<!-- Inclure la police \"Anton\" -->\r\n<link href=\"https:\/\/fonts.googleapis.com\/css2?family=Anton&display=swap\" rel=\"stylesheet\">\r\n\r\n<h1 style=\"\r\n  font-family: 'Anton', sans-serif;\r\n  font-size: 3em;\r\n  font-weight: normal;\r\n  color: #fff;\r\n  text-align: center;\r\n  margin-top: 50px;\r\n  line-height: 1.2;\r\n  text-shadow: 2px 2px 8px rgba(128, 0, 128, 0.7);\r\n  animation: pulse 1.5s infinite alternate;\r\n\">\r\n\r\n   RETROUVEZ VOTRE JEUNESSE EN 3 SEMAINES\r\n\r\n<\/h1>\r\n\r\n<!-- Styles d'animation -->\r\n<style>\r\n  @keyframes pulse {\r\n    0% {\r\n      text-shadow: 2px 2px 8px rgba(128, 0, 128, 0.7);\r\n      transform: scale(1);\r\n    }\r\n    100% {\r\n      text-shadow: 4px 4px 12px rgba(128, 0, 128, 1);\r\n      transform: scale(1.05);\r\n    }\r\n  }\r\n<\/style>\r\n\t\t\t\t<\/div>\n\t\t\t\t<\/div>\n\t\t\t\t<div class=\"elementor-element elementor-element-d3374d4 elementor-widget elementor-widget-image\" data-id=\"d3374d4\" data-element_type=\"widget\" data-e-type=\"widget\" data-widget_type=\"image.default\">\n\t\t\t\t<div class=\"elementor-widget-container\">\n\t\t\t\t\t\t\t\t\t\t\t\t\t\t\t<img fetchpriority=\"high\" decoding=\"async\" width=\"682\" height=\"1024\" src=\"https:\/\/ivoireshoping.com\/wp-content\/uploads\/2025\/09\/WhatsApp_Image_2025-09-11_a_01.07.27_0e8cab97-removebg-682x1024.png\" class=\"attachment-large size-large wp-image-5347\" alt=\"\" srcset=\"https:\/\/ivoireshoping.com\/wp-content\/uploads\/2025\/09\/WhatsApp_Image_2025-09-11_a_01.07.27_0e8cab97-removebg-682x1024.png 682w, https:\/\/ivoireshoping.com\/wp-content\/uploads\/2025\/09\/WhatsApp_Image_2025-09-11_a_01.07.27_0e8cab97-removebg-200x300.png 200w, https:\/\/ivoireshoping.com\/wp-content\/uploads\/2025\/09\/WhatsApp_Image_2025-09-11_a_01.07.27_0e8cab97-removebg-768x1152.png 768w, https:\/\/ivoireshoping.com\/wp-content\/uploads\/2025\/09\/WhatsApp_Image_2025-09-11_a_01.07.27_0e8cab97-removebg.png 853w\" sizes=\"(max-width: 682px) 100vw, 682px\" \/>\t\t\t\t\t\t\t\t\t\t\t\t\t\t\t<\/div>\n\t\t\t\t<\/div>\n\t\t\t\t<div class=\"elementor-element elementor-element-16f3890 elementor-widget elementor-widget-text-editor\" data-id=\"16f3890\" data-element_type=\"widget\" data-e-type=\"widget\" data-widget_type=\"text-editor.default\">\n\t\t\t\t<div class=\"elementor-widget-container\">\n\t\t\t\t\t\t\t\t\t<h2 style=\"text-align: center;\"><span style=\"color: #000000;\">Finis <span style=\"color: #000080;\"><strong>les cernes<\/strong><\/span>, <span style=\"color: #339966;\"><strong>les rides<\/strong><\/span> et les signes <span style=\"color: #ff0000;\"><strong>de viellissement<\/strong><\/span> sans effort.<\/span><\/h2>\t\t\t\t\t\t\t\t<\/div>\n\t\t\t\t<\/div>\n\t\t\t\t<div class=\"elementor-element elementor-element-6d1e58c elementor-widget elementor-widget-image\" data-id=\"6d1e58c\" data-element_type=\"widget\" data-e-type=\"widget\" data-widget_type=\"image.default\">\n\t\t\t\t<div class=\"elementor-widget-container\">\n\t\t\t\t\t\t\t\t\t\t\t\t\t\t\t<img decoding=\"async\" width=\"682\" height=\"1024\" src=\"https:\/\/ivoireshoping.com\/wp-content\/uploads\/2025\/09\/photo_5913354142305339852_y-682x1024.jpg\" class=\"attachment-large size-large wp-image-5346\" alt=\"\" srcset=\"https:\/\/ivoireshoping.com\/wp-content\/uploads\/2025\/09\/photo_5913354142305339852_y-682x1024.jpg 682w, https:\/\/ivoireshoping.com\/wp-content\/uploads\/2025\/09\/photo_5913354142305339852_y-200x300.jpg 200w, https:\/\/ivoireshoping.com\/wp-content\/uploads\/2025\/09\/photo_5913354142305339852_y-768x1152.jpg 768w, https:\/\/ivoireshoping.com\/wp-content\/uploads\/2025\/09\/photo_5913354142305339852_y.jpg 853w\" sizes=\"(max-width: 682px) 100vw, 682px\" \/>\t\t\t\t\t\t\t\t\t\t\t\t\t\t\t<\/div>\n\t\t\t\t<\/div>\n\t\t\t\t\t<\/div>\n\t\t\t\t<\/div>\n\t\t\t\t<\/div>\n\t\t","protected":false},"excerpt":{"rendered":"<p>Page avec banni\u00e8re d&rsquo;urgence Agissez vite, Stock limit\u00e9 00:10:00 RETROUVEZ VOTRE JEUNESSE EN 3 SEMAINES Finis les cernes, les rides et les signes de viellissement sans effort.<\/p>\n","protected":false},"author":1,"featured_media":0,"parent":0,"menu_order":0,"comment_status":"closed","ping_status":"closed","template":"elementor_header_footer","meta":{"footnotes":""},"class_list":["post-5293","page","type-page","status-publish","hentry"],"_links":{"self":[{"href":"https:\/\/ivoireshoping.com\/index.php?rest_route=\/wp\/v2\/pages\/5293","targetHints":{"allow":["GET"]}}],"collection":[{"href":"https:\/\/ivoireshoping.com\/index.php?rest_route=\/wp\/v2\/pages"}],"about":[{"href":"https:\/\/ivoireshoping.com\/index.php?rest_route=\/wp\/v2\/types\/page"}],"author":[{"embeddable":true,"href":"https:\/\/ivoireshoping.com\/index.php?rest_route=\/wp\/v2\/users\/1"}],"replies":[{"embeddable":true,"href":"https:\/\/ivoireshoping.com\/index.php?rest_route=%2Fwp%2Fv2%2Fcomments&post=5293"}],"version-history":[{"count":86,"href":"https:\/\/ivoireshoping.com\/index.php?rest_route=\/wp\/v2\/pages\/5293\/revisions"}],"predecessor-version":[{"id":5413,"href":"https:\/\/ivoireshoping.com\/index.php?rest_route=\/wp\/v2\/pages\/5293\/revisions\/5413"}],"wp:attachment":[{"href":"https:\/\/ivoireshoping.com\/index.php?rest_route=%2Fwp%2Fv2%2Fmedia&parent=5293"}],"curies":[{"name":"wp","href":"https:\/\/api.w.org\/{rel}","templated":true}]}}